{"id":595,"date":"2019-03-04T20:24:02","date_gmt":"2019-03-04T19:24:02","guid":{"rendered":"http:\/\/www.oa-officinearchitecture.eu\/privacy-center\/forget-me\/"},"modified":"2019-05-08T17:45:11","modified_gmt":"2019-05-08T15:45:11","slug":"droit-a-loubli","status":"publish","type":"page","link":"https:\/\/www.oa-officinearchitecture.eu\/fr\/centre-de-confidentialite\/droit-a-loubli\/","title":{"rendered":"Droit \u00e0 l&#8217;oubli"},"content":{"rendered":"<a class=\"wordpress-gdpr-back-link\" href=\"https:\/\/www.oa-officinearchitecture.eu\/privacy-center\/\">&larr; Retourner au Centre de confidentialit\u00e9 priv\u00e9<\/a><form action=\"\/fr\/wp-json\/wp\/v2\/pages\/595\" class=\"wordpress-gdpr-form wordpress-gdpr-form-forget-me\" method=\"post\"><input type=\"hidden\" name=\"wordpress_gdpr_form_type\" value=\"forget-me\"><div class=\"form-group\"><label for=\"gdpr_firstname\">Votre pr\u00e9nom (*)<\/label><input class=\"form-control\" type=\"text\" name=\"gdpr_firstname\" value=\"\" required \/><\/div><div class=\"form-group\"><label for=\"gdpr_lastname\">Votre nom de famille (*)<\/label><input class=\"form-control\" type=\"text\" name=\"gdpr_lastname\" value=\"\" required \/><\/div><div class=\"form-group\"><label for=\"gdpr_email\">Votre Email (*)<\/label><input class=\"form-control\" type=\"email\" name=\"gdpr_email\" value=\"\" required \/><\/div><div class=\"form-group\"><label for=\"gdpr_terms\"><input id=\"gdpr_terms\" class=\"form-control\" type=\"checkbox\" name=\"gdpr_terms\" value=\"1\" required \/><span class=\"gdpr-accept-conditiones-text\">I agree to the privacy policy and that my data will be stored for this GDPR request .<\/span><\/label><\/div><input type=\"submit\" name=\"gdpr_submitted\" value=\"Envoyer\"\/><\/form>\n","protected":false},"excerpt":{"rendered":"&larr; Retourner au Centre de confidentialit\u00e9 priv\u00e9Votre pr\u00e9nom (*)Votre nom de famille (*)Votre Email (*)I agree to the privacy policy and that my data will be stored for this GDPR...","protected":false},"author":1,"featured_media":0,"parent":589,"menu_order":0,"comment_status":"closed","ping_status":"closed","template":"","meta":{"_acf_changed":false,"footnotes":""},"class_list":["post-595","page","type-page","status-publish"],"acf":[],"yoast_head":"<!-- This site is optimized with the Yoast SEO plugin v25.9 - https:\/\/yoast.com\/wordpress\/plugins\/seo\/ -->\n<title>Droit \u00e0 l&#039;oubli - OA - OFFICINE D&#039;ARCHITECTURE<\/title>\n<meta name=\"robots\" content=\"noindex, nofollow\" \/>\n<meta property=\"og:locale\" content=\"fr_FR\" \/>\n<meta property=\"og:type\" content=\"article\" \/>\n<meta property=\"og:title\" content=\"Droit \u00e0 l&#039;oubli - OA - OFFICINE D&#039;ARCHITECTURE\" \/>\n<meta property=\"og:url\" content=\"https:\/\/www.oa-officinearchitecture.eu\/fr\/centre-de-confidentialite\/droit-a-loubli\/\" \/>\n<meta property=\"og:site_name\" content=\"OA - OFFICINE D&#039;ARCHITECTURE\" \/>\n<meta property=\"article:publisher\" content=\"https:\/\/www.facebook.com\/officine.architecture\/\" \/>\n<meta property=\"article:modified_time\" content=\"2019-05-08T15:45:11+00:00\" \/>\n<meta property=\"og:image\" content=\"https:\/\/www.oa-officinearchitecture.eu\/wp-content\/uploads\/2018\/07\/03c9f16c86b2a24452d75bc3958cd171.jpg\" \/>\n\t<meta property=\"og:image:width\" content=\"280\" \/>\n\t<meta property=\"og:image:height\" content=\"280\" \/>\n\t<meta property=\"og:image:type\" content=\"image\/jpeg\" \/>\n<meta name=\"twitter:card\" content=\"summary_large_image\" \/>\n<script type=\"application\/ld+json\" class=\"yoast-schema-graph\">{\"@context\":\"https:\/\/schema.org\",\"@graph\":[{\"@type\":\"WebPage\",\"@id\":\"https:\/\/www.oa-officinearchitecture.eu\/fr\/centre-de-confidentialite\/droit-a-loubli\/\",\"url\":\"https:\/\/www.oa-officinearchitecture.eu\/fr\/centre-de-confidentialite\/droit-a-loubli\/\",\"name\":\"Droit \u00e0 l'oubli - OA - OFFICINE D&#039;ARCHITECTURE\",\"isPartOf\":{\"@id\":\"https:\/\/www.oa-officinearchitecture.eu\/fr\/#website\"},\"datePublished\":\"2019-03-04T19:24:02+00:00\",\"dateModified\":\"2019-05-08T15:45:11+00:00\",\"breadcrumb\":{\"@id\":\"https:\/\/www.oa-officinearchitecture.eu\/fr\/centre-de-confidentialite\/droit-a-loubli\/#breadcrumb\"},\"inLanguage\":\"fr-FR\",\"potentialAction\":[{\"@type\":\"ReadAction\",\"target\":[\"https:\/\/www.oa-officinearchitecture.eu\/fr\/centre-de-confidentialite\/droit-a-loubli\/\"]}]},{\"@type\":\"BreadcrumbList\",\"@id\":\"https:\/\/www.oa-officinearchitecture.eu\/fr\/centre-de-confidentialite\/droit-a-loubli\/#breadcrumb\",\"itemListElement\":[{\"@type\":\"ListItem\",\"position\":1,\"name\":\"Home\",\"item\":\"https:\/\/www.oa-officinearchitecture.eu\/fr\/\"},{\"@type\":\"ListItem\",\"position\":2,\"name\":\"Centre de confidentialit\u00e9\",\"item\":\"https:\/\/www.oa-officinearchitecture.eu\/fr\/centre-de-confidentialite\/\"},{\"@type\":\"ListItem\",\"position\":3,\"name\":\"Droit \u00e0 l&#8217;oubli\"}]},{\"@type\":\"WebSite\",\"@id\":\"https:\/\/www.oa-officinearchitecture.eu\/fr\/#website\",\"url\":\"https:\/\/www.oa-officinearchitecture.eu\/fr\/\",\"name\":\"OA - OFFICINE D&#039;ARCHITECTURE\",\"description\":\"s\u00e9gol\u00e8ne geste carmine luongo\",\"publisher\":{\"@id\":\"https:\/\/www.oa-officinearchitecture.eu\/fr\/#organization\"},\"potentialAction\":[{\"@type\":\"SearchAction\",\"target\":{\"@type\":\"EntryPoint\",\"urlTemplate\":\"https:\/\/www.oa-officinearchitecture.eu\/fr\/?s={search_term_string}\"},\"query-input\":{\"@type\":\"PropertyValueSpecification\",\"valueRequired\":true,\"valueName\":\"search_term_string\"}}],\"inLanguage\":\"fr-FR\"},{\"@type\":\"Organization\",\"@id\":\"https:\/\/www.oa-officinearchitecture.eu\/fr\/#organization\",\"name\":\"OA - OFFICINE D'ARCHITECTURE\",\"url\":\"https:\/\/www.oa-officinearchitecture.eu\/fr\/\",\"logo\":{\"@type\":\"ImageObject\",\"inLanguage\":\"fr-FR\",\"@id\":\"https:\/\/www.oa-officinearchitecture.eu\/fr\/#\/schema\/logo\/image\/\",\"url\":\"https:\/\/www.oa-officinearchitecture.eu\/wp-content\/uploads\/2018\/07\/03c9f16c86b2a24452d75bc3958cd171.jpg\",\"contentUrl\":\"https:\/\/www.oa-officinearchitecture.eu\/wp-content\/uploads\/2018\/07\/03c9f16c86b2a24452d75bc3958cd171.jpg\",\"width\":280,\"height\":280,\"caption\":\"OA - OFFICINE D'ARCHITECTURE\"},\"image\":{\"@id\":\"https:\/\/www.oa-officinearchitecture.eu\/fr\/#\/schema\/logo\/image\/\"},\"sameAs\":[\"https:\/\/www.facebook.com\/officine.architecture\/\",\"https:\/\/www.instagram.com\/officinearchitecture\/?hl=fr\",\"https:\/\/www.pinterest.fr\/collectif0174\/\"]}]}<\/script>\n<!-- \/ Yoast SEO plugin. -->","yoast_head_json":{"title":"Droit \u00e0 l'oubli - OA - OFFICINE D&#039;ARCHITECTURE","robots":{"index":"noindex","follow":"nofollow"},"og_locale":"fr_FR","og_type":"article","og_title":"Droit \u00e0 l'oubli - OA - OFFICINE D&#039;ARCHITECTURE","og_url":"https:\/\/www.oa-officinearchitecture.eu\/fr\/centre-de-confidentialite\/droit-a-loubli\/","og_site_name":"OA - OFFICINE D&#039;ARCHITECTURE","article_publisher":"https:\/\/www.facebook.com\/officine.architecture\/","article_modified_time":"2019-05-08T15:45:11+00:00","og_image":[{"width":280,"height":280,"url":"https:\/\/www.oa-officinearchitecture.eu\/wp-content\/uploads\/2018\/07\/03c9f16c86b2a24452d75bc3958cd171.jpg","type":"image\/jpeg"}],"twitter_card":"summary_large_image","schema":{"@context":"https:\/\/schema.org","@graph":[{"@type":"WebPage","@id":"https:\/\/www.oa-officinearchitecture.eu\/fr\/centre-de-confidentialite\/droit-a-loubli\/","url":"https:\/\/www.oa-officinearchitecture.eu\/fr\/centre-de-confidentialite\/droit-a-loubli\/","name":"Droit \u00e0 l'oubli - OA - OFFICINE D&#039;ARCHITECTURE","isPartOf":{"@id":"https:\/\/www.oa-officinearchitecture.eu\/fr\/#website"},"datePublished":"2019-03-04T19:24:02+00:00","dateModified":"2019-05-08T15:45:11+00:00","breadcrumb":{"@id":"https:\/\/www.oa-officinearchitecture.eu\/fr\/centre-de-confidentialite\/droit-a-loubli\/#breadcrumb"},"inLanguage":"fr-FR","potentialAction":[{"@type":"ReadAction","target":["https:\/\/www.oa-officinearchitecture.eu\/fr\/centre-de-confidentialite\/droit-a-loubli\/"]}]},{"@type":"BreadcrumbList","@id":"https:\/\/www.oa-officinearchitecture.eu\/fr\/centre-de-confidentialite\/droit-a-loubli\/#breadcrumb","itemListElement":[{"@type":"ListItem","position":1,"name":"Home","item":"https:\/\/www.oa-officinearchitecture.eu\/fr\/"},{"@type":"ListItem","position":2,"name":"Centre de confidentialit\u00e9","item":"https:\/\/www.oa-officinearchitecture.eu\/fr\/centre-de-confidentialite\/"},{"@type":"ListItem","position":3,"name":"Droit \u00e0 l&#8217;oubli"}]},{"@type":"WebSite","@id":"https:\/\/www.oa-officinearchitecture.eu\/fr\/#website","url":"https:\/\/www.oa-officinearchitecture.eu\/fr\/","name":"OA - OFFICINE D&#039;ARCHITECTURE","description":"s\u00e9gol\u00e8ne geste carmine luongo","publisher":{"@id":"https:\/\/www.oa-officinearchitecture.eu\/fr\/#organization"},"potentialAction":[{"@type":"SearchAction","target":{"@type":"EntryPoint","urlTemplate":"https:\/\/www.oa-officinearchitecture.eu\/fr\/?s={search_term_string}"},"query-input":{"@type":"PropertyValueSpecification","valueRequired":true,"valueName":"search_term_string"}}],"inLanguage":"fr-FR"},{"@type":"Organization","@id":"https:\/\/www.oa-officinearchitecture.eu\/fr\/#organization","name":"OA - OFFICINE D'ARCHITECTURE","url":"https:\/\/www.oa-officinearchitecture.eu\/fr\/","logo":{"@type":"ImageObject","inLanguage":"fr-FR","@id":"https:\/\/www.oa-officinearchitecture.eu\/fr\/#\/schema\/logo\/image\/","url":"https:\/\/www.oa-officinearchitecture.eu\/wp-content\/uploads\/2018\/07\/03c9f16c86b2a24452d75bc3958cd171.jpg","contentUrl":"https:\/\/www.oa-officinearchitecture.eu\/wp-content\/uploads\/2018\/07\/03c9f16c86b2a24452d75bc3958cd171.jpg","width":280,"height":280,"caption":"OA - OFFICINE D'ARCHITECTURE"},"image":{"@id":"https:\/\/www.oa-officinearchitecture.eu\/fr\/#\/schema\/logo\/image\/"},"sameAs":["https:\/\/www.facebook.com\/officine.architecture\/","https:\/\/www.instagram.com\/officinearchitecture\/?hl=fr","https:\/\/www.pinterest.fr\/collectif0174\/"]}]}},"_links":{"self":[{"href":"https:\/\/www.oa-officinearchitecture.eu\/fr\/wp-json\/wp\/v2\/pages\/595","targetHints":{"allow":["GET"]}}],"collection":[{"href":"https:\/\/www.oa-officinearchitecture.eu\/fr\/wp-json\/wp\/v2\/pages"}],"about":[{"href":"https:\/\/www.oa-officinearchitecture.eu\/fr\/wp-json\/wp\/v2\/types\/page"}],"author":[{"embeddable":true,"href":"https:\/\/www.oa-officinearchitecture.eu\/fr\/wp-json\/wp\/v2\/users\/1"}],"replies":[{"embeddable":true,"href":"https:\/\/www.oa-officinearchitecture.eu\/fr\/wp-json\/wp\/v2\/comments?post=595"}],"version-history":[{"count":0,"href":"https:\/\/www.oa-officinearchitecture.eu\/fr\/wp-json\/wp\/v2\/pages\/595\/revisions"}],"up":[{"embeddable":true,"href":"https:\/\/www.oa-officinearchitecture.eu\/fr\/wp-json\/wp\/v2\/pages\/589"}],"wp:attachment":[{"href":"https:\/\/www.oa-officinearchitecture.eu\/fr\/wp-json\/wp\/v2\/media?parent=595"}],"curies":[{"name":"wp","href":"https:\/\/api.w.org\/{rel}","templated":true}]}}