{"id":589,"date":"2019-03-04T20:23:59","date_gmt":"2019-03-04T19:23:59","guid":{"rendered":"http:\/\/www.oa-officinearchitecture.eu\/privacy-center\/"},"modified":"2019-05-08T17:46:20","modified_gmt":"2019-05-08T15:46:20","slug":"centre-de-confidentialite","status":"publish","type":"page","link":"https:\/\/www.oa-officinearchitecture.eu\/fr\/centre-de-confidentialite\/","title":{"rendered":"Centre de confidentialit\u00e9"},"content":{"rendered":"<div class=\"wordpress-gdpr-privacy-center\"><div class=\"wordpress-gdpr-privacy-center-items\"><a href=\"https:\/\/www.oa-officinearchitecture.eu\/privacy-center\/contact-dpo\/\" class=\"wordpress-gdpr-privacy-center-item\"><div class=\"wordpress-gdpr-privacy-center-item-contactDPO\"><i class=\"fa fa-user-circle-o\"><\/i><h2 class=\"wordpress-gdpr-privacy-center-item-headline\">Contactez la page DPO du Droit \u00e0 l'oubli<\/h2><p class=\"wordpress-gdpr-privacy-center-item-desc\">Contactez notre responsable de la protection des donn\u00e9es.<\/p><div class=\"wordpress-gdpr-privacy-center-item-action\">En savoir plus<\/div><\/div><\/a><a href=\"https:\/\/www.oa-officinearchitecture.eu\/privacy-center\/data-rectification\/\" class=\"wordpress-gdpr-privacy-center-item\"><div class=\"wordpress-gdpr-privacy-center-item-dataRectification\"><i class=\"fa fa-pencil\"><\/i><h2 class=\"wordpress-gdpr-privacy-center-item-headline\">Rectification des donn\u00e9es<\/h2><p class=\"wordpress-gdpr-privacy-center-item-desc\">Nous contacter pour la demande de modification des donn\u00e9es.<\/p><div class=\"wordpress-gdpr-privacy-center-item-action\">En savoir plus<\/div><\/div><\/a><a href=\"https:\/\/www.oa-officinearchitecture.eu\/privacy-center\/forget-me\/\" class=\"wordpress-gdpr-privacy-center-item wordpress-gdpr-privacy-center-item-last\"><div class=\"wordpress-gdpr-privacy-center-item-forgetMe\"><i class=\"fa fa-eraser\"><\/i><h2 class=\"wordpress-gdpr-privacy-center-item-headline\">Droit \u00e0 l'oubli<\/h2><p class=\"wordpress-gdpr-privacy-center-item-desc\">Soumettez une demande d'effacement de vos donn\u00e9es priv\u00e9es.<\/p><div class=\"wordpress-gdpr-privacy-center-item-action\">En savoir plus<\/div><\/div><\/a><a href=\"https:\/\/www.oa-officinearchitecture.eu\/privacy-center\/request-data\/\" class=\"wordpress-gdpr-privacy-center-item\"><div class=\"wordpress-gdpr-privacy-center-item-requestData\"><i class=\"fa fa-database\"><\/i><h2 class=\"wordpress-gdpr-privacy-center-item-headline\">Demande de donn\u00e9es<\/h2><p class=\"wordpress-gdpr-privacy-center-item-desc\">Soumettez une demande pour obtenir une copie de toutes vos donn\u00e9es stock\u00e9es.<\/p><div class=\"wordpress-gdpr-privacy-center-item-action\">En savoir plus<\/div><\/div><\/a><\/div><\/div>\n","protected":false},"excerpt":{"rendered":"Contactez la page DPO du Droit \u00e0 l'oubliContactez notre responsable de la protection des donn\u00e9es.En savoir plusRectification des donn\u00e9esNous contacter pour la demande de modification des donn\u00e9es.En savoir plusDroit \u00e0...","protected":false},"author":1,"featured_media":0,"parent":0,"menu_order":0,"comment_status":"closed","ping_status":"closed","template":"","meta":{"_acf_changed":false,"footnotes":""},"class_list":["post-589","page","type-page","status-publish"],"acf":[],"yoast_head":"<!-- This site is optimized with the Yoast SEO plugin v25.9 - https:\/\/yoast.com\/wordpress\/plugins\/seo\/ -->\n<title>Centre de confidentialit\u00e9 - OA - OFFICINE D&#039;ARCHITECTURE<\/title>\n<meta name=\"robots\" content=\"noindex, nofollow\" \/>\n<meta property=\"og:locale\" content=\"fr_FR\" \/>\n<meta property=\"og:type\" content=\"article\" \/>\n<meta property=\"og:title\" content=\"Centre de confidentialit\u00e9 - OA - OFFICINE D&#039;ARCHITECTURE\" \/>\n<meta property=\"og:url\" content=\"https:\/\/www.oa-officinearchitecture.eu\/fr\/centre-de-confidentialite\/\" \/>\n<meta property=\"og:site_name\" content=\"OA - OFFICINE D&#039;ARCHITECTURE\" \/>\n<meta property=\"article:publisher\" content=\"https:\/\/www.facebook.com\/officine.architecture\/\" \/>\n<meta property=\"article:modified_time\" content=\"2019-05-08T15:46:20+00:00\" \/>\n<meta property=\"og:image\" content=\"https:\/\/www.oa-officinearchitecture.eu\/wp-content\/uploads\/2018\/07\/03c9f16c86b2a24452d75bc3958cd171.jpg\" \/>\n\t<meta property=\"og:image:width\" content=\"280\" \/>\n\t<meta property=\"og:image:height\" content=\"280\" \/>\n\t<meta property=\"og:image:type\" content=\"image\/jpeg\" \/>\n<meta name=\"twitter:card\" content=\"summary_large_image\" \/>\n<script type=\"application\/ld+json\" class=\"yoast-schema-graph\">{\"@context\":\"https:\/\/schema.org\",\"@graph\":[{\"@type\":\"WebPage\",\"@id\":\"https:\/\/www.oa-officinearchitecture.eu\/fr\/centre-de-confidentialite\/\",\"url\":\"https:\/\/www.oa-officinearchitecture.eu\/fr\/centre-de-confidentialite\/\",\"name\":\"Centre de confidentialit\u00e9 - OA - OFFICINE D&#039;ARCHITECTURE\",\"isPartOf\":{\"@id\":\"https:\/\/www.oa-officinearchitecture.eu\/fr\/#website\"},\"datePublished\":\"2019-03-04T19:23:59+00:00\",\"dateModified\":\"2019-05-08T15:46:20+00:00\",\"breadcrumb\":{\"@id\":\"https:\/\/www.oa-officinearchitecture.eu\/fr\/centre-de-confidentialite\/#breadcrumb\"},\"inLanguage\":\"fr-FR\",\"potentialAction\":[{\"@type\":\"ReadAction\",\"target\":[\"https:\/\/www.oa-officinearchitecture.eu\/fr\/centre-de-confidentialite\/\"]}]},{\"@type\":\"BreadcrumbList\",\"@id\":\"https:\/\/www.oa-officinearchitecture.eu\/fr\/centre-de-confidentialite\/#breadcrumb\",\"itemListElement\":[{\"@type\":\"ListItem\",\"position\":1,\"name\":\"Home\",\"item\":\"https:\/\/www.oa-officinearchitecture.eu\/fr\/\"},{\"@type\":\"ListItem\",\"position\":2,\"name\":\"Centre de confidentialit\u00e9\"}]},{\"@type\":\"WebSite\",\"@id\":\"https:\/\/www.oa-officinearchitecture.eu\/fr\/#website\",\"url\":\"https:\/\/www.oa-officinearchitecture.eu\/fr\/\",\"name\":\"OA - OFFICINE D&#039;ARCHITECTURE\",\"description\":\"s\u00e9gol\u00e8ne geste carmine luongo\",\"publisher\":{\"@id\":\"https:\/\/www.oa-officinearchitecture.eu\/fr\/#organization\"},\"potentialAction\":[{\"@type\":\"SearchAction\",\"target\":{\"@type\":\"EntryPoint\",\"urlTemplate\":\"https:\/\/www.oa-officinearchitecture.eu\/fr\/?s={search_term_string}\"},\"query-input\":{\"@type\":\"PropertyValueSpecification\",\"valueRequired\":true,\"valueName\":\"search_term_string\"}}],\"inLanguage\":\"fr-FR\"},{\"@type\":\"Organization\",\"@id\":\"https:\/\/www.oa-officinearchitecture.eu\/fr\/#organization\",\"name\":\"OA - OFFICINE D'ARCHITECTURE\",\"url\":\"https:\/\/www.oa-officinearchitecture.eu\/fr\/\",\"logo\":{\"@type\":\"ImageObject\",\"inLanguage\":\"fr-FR\",\"@id\":\"https:\/\/www.oa-officinearchitecture.eu\/fr\/#\/schema\/logo\/image\/\",\"url\":\"https:\/\/www.oa-officinearchitecture.eu\/wp-content\/uploads\/2018\/07\/03c9f16c86b2a24452d75bc3958cd171.jpg\",\"contentUrl\":\"https:\/\/www.oa-officinearchitecture.eu\/wp-content\/uploads\/2018\/07\/03c9f16c86b2a24452d75bc3958cd171.jpg\",\"width\":280,\"height\":280,\"caption\":\"OA - OFFICINE D'ARCHITECTURE\"},\"image\":{\"@id\":\"https:\/\/www.oa-officinearchitecture.eu\/fr\/#\/schema\/logo\/image\/\"},\"sameAs\":[\"https:\/\/www.facebook.com\/officine.architecture\/\",\"https:\/\/www.instagram.com\/officinearchitecture\/?hl=fr\",\"https:\/\/www.pinterest.fr\/collectif0174\/\"]}]}<\/script>\n<!-- \/ Yoast SEO plugin. -->","yoast_head_json":{"title":"Centre de confidentialit\u00e9 - OA - OFFICINE D&#039;ARCHITECTURE","robots":{"index":"noindex","follow":"nofollow"},"og_locale":"fr_FR","og_type":"article","og_title":"Centre de confidentialit\u00e9 - OA - OFFICINE D&#039;ARCHITECTURE","og_url":"https:\/\/www.oa-officinearchitecture.eu\/fr\/centre-de-confidentialite\/","og_site_name":"OA - OFFICINE D&#039;ARCHITECTURE","article_publisher":"https:\/\/www.facebook.com\/officine.architecture\/","article_modified_time":"2019-05-08T15:46:20+00:00","og_image":[{"width":280,"height":280,"url":"https:\/\/www.oa-officinearchitecture.eu\/wp-content\/uploads\/2018\/07\/03c9f16c86b2a24452d75bc3958cd171.jpg","type":"image\/jpeg"}],"twitter_card":"summary_large_image","schema":{"@context":"https:\/\/schema.org","@graph":[{"@type":"WebPage","@id":"https:\/\/www.oa-officinearchitecture.eu\/fr\/centre-de-confidentialite\/","url":"https:\/\/www.oa-officinearchitecture.eu\/fr\/centre-de-confidentialite\/","name":"Centre de confidentialit\u00e9 - OA - OFFICINE D&#039;ARCHITECTURE","isPartOf":{"@id":"https:\/\/www.oa-officinearchitecture.eu\/fr\/#website"},"datePublished":"2019-03-04T19:23:59+00:00","dateModified":"2019-05-08T15:46:20+00:00","breadcrumb":{"@id":"https:\/\/www.oa-officinearchitecture.eu\/fr\/centre-de-confidentialite\/#breadcrumb"},"inLanguage":"fr-FR","potentialAction":[{"@type":"ReadAction","target":["https:\/\/www.oa-officinearchitecture.eu\/fr\/centre-de-confidentialite\/"]}]},{"@type":"BreadcrumbList","@id":"https:\/\/www.oa-officinearchitecture.eu\/fr\/centre-de-confidentialite\/#breadcrumb","itemListElement":[{"@type":"ListItem","position":1,"name":"Home","item":"https:\/\/www.oa-officinearchitecture.eu\/fr\/"},{"@type":"ListItem","position":2,"name":"Centre de confidentialit\u00e9"}]},{"@type":"WebSite","@id":"https:\/\/www.oa-officinearchitecture.eu\/fr\/#website","url":"https:\/\/www.oa-officinearchitecture.eu\/fr\/","name":"OA - OFFICINE D&#039;ARCHITECTURE","description":"s\u00e9gol\u00e8ne geste carmine luongo","publisher":{"@id":"https:\/\/www.oa-officinearchitecture.eu\/fr\/#organization"},"potentialAction":[{"@type":"SearchAction","target":{"@type":"EntryPoint","urlTemplate":"https:\/\/www.oa-officinearchitecture.eu\/fr\/?s={search_term_string}"},"query-input":{"@type":"PropertyValueSpecification","valueRequired":true,"valueName":"search_term_string"}}],"inLanguage":"fr-FR"},{"@type":"Organization","@id":"https:\/\/www.oa-officinearchitecture.eu\/fr\/#organization","name":"OA - OFFICINE D'ARCHITECTURE","url":"https:\/\/www.oa-officinearchitecture.eu\/fr\/","logo":{"@type":"ImageObject","inLanguage":"fr-FR","@id":"https:\/\/www.oa-officinearchitecture.eu\/fr\/#\/schema\/logo\/image\/","url":"https:\/\/www.oa-officinearchitecture.eu\/wp-content\/uploads\/2018\/07\/03c9f16c86b2a24452d75bc3958cd171.jpg","contentUrl":"https:\/\/www.oa-officinearchitecture.eu\/wp-content\/uploads\/2018\/07\/03c9f16c86b2a24452d75bc3958cd171.jpg","width":280,"height":280,"caption":"OA - OFFICINE D'ARCHITECTURE"},"image":{"@id":"https:\/\/www.oa-officinearchitecture.eu\/fr\/#\/schema\/logo\/image\/"},"sameAs":["https:\/\/www.facebook.com\/officine.architecture\/","https:\/\/www.instagram.com\/officinearchitecture\/?hl=fr","https:\/\/www.pinterest.fr\/collectif0174\/"]}]}},"_links":{"self":[{"href":"https:\/\/www.oa-officinearchitecture.eu\/fr\/wp-json\/wp\/v2\/pages\/589","targetHints":{"allow":["GET"]}}],"collection":[{"href":"https:\/\/www.oa-officinearchitecture.eu\/fr\/wp-json\/wp\/v2\/pages"}],"about":[{"href":"https:\/\/www.oa-officinearchitecture.eu\/fr\/wp-json\/wp\/v2\/types\/page"}],"author":[{"embeddable":true,"href":"https:\/\/www.oa-officinearchitecture.eu\/fr\/wp-json\/wp\/v2\/users\/1"}],"replies":[{"embeddable":true,"href":"https:\/\/www.oa-officinearchitecture.eu\/fr\/wp-json\/wp\/v2\/comments?post=589"}],"version-history":[{"count":0,"href":"https:\/\/www.oa-officinearchitecture.eu\/fr\/wp-json\/wp\/v2\/pages\/589\/revisions"}],"wp:attachment":[{"href":"https:\/\/www.oa-officinearchitecture.eu\/fr\/wp-json\/wp\/v2\/media?parent=589"}],"curies":[{"name":"wp","href":"https:\/\/api.w.org\/{rel}","templated":true}]}}