{"id":468,"date":"2019-03-04T12:49:46","date_gmt":"2019-03-04T11:49:46","guid":{"rendered":"http:\/\/www.oa-officinearchitecture.eu\/?page_id=468"},"modified":"2023-07-18T11:16:53","modified_gmt":"2023-07-18T09:16:53","slug":"mentions-legales","status":"publish","type":"page","link":"https:\/\/www.oa-officinearchitecture.eu\/fr\/mentions-legales\/","title":{"rendered":"Mentions l\u00e9gales"},"content":{"rendered":"[vc_row type=&#8221;in_container&#8221; full_screen_row_position=&#8221;middle&#8221; column_margin=&#8221;default&#8221; column_direction=&#8221;default&#8221; column_direction_tablet=&#8221;default&#8221; column_direction_phone=&#8221;default&#8221; scene_position=&#8221;center&#8221; text_color=&#8221;dark&#8221; text_align=&#8221;left&#8221; row_border_radius=&#8221;none&#8221; row_border_radius_applies=&#8221;bg&#8221; overflow=&#8221;visible&#8221; overlay_strength=&#8221;0.3&#8243; gradient_direction=&#8221;left_to_right&#8221; shape_divider_position=&#8221;bottom&#8221; bg_image_animation=&#8221;none&#8221;][vc_column column_padding=&#8221;no-extra-padding&#8221; column_padding_tablet=&#8221;inherit&#8221; column_padding_phone=&#8221;inherit&#8221; column_padding_position=&#8221;all&#8221; column_element_direction_desktop=&#8221;default&#8221; column_element_spacing=&#8221;default&#8221; desktop_text_alignment=&#8221;default&#8221; tablet_text_alignment=&#8221;default&#8221; phone_text_alignment=&#8221;default&#8221; background_color_opacity=&#8221;1&#8243; background_hover_color_opacity=&#8221;1&#8243; column_backdrop_filter=&#8221;none&#8221; column_shadow=&#8221;none&#8221; column_border_radius=&#8221;none&#8221; column_link_target=&#8221;_self&#8221; column_position=&#8221;default&#8221; gradient_direction=&#8221;left_to_right&#8221; overlay_strength=&#8221;0.3&#8243; width=&#8221;1\/1&#8243; tablet_width_inherit=&#8221;default&#8221; animation_type=&#8221;default&#8221; bg_image_animation=&#8221;none&#8221; border_type=&#8221;simple&#8221; column_border_width=&#8221;none&#8221; column_border_style=&#8221;solid&#8221;][vc_column_text]\n<h1>Mentions l\u00e9gales<\/h1>\n<p>Les pr\u00e9sentes mentions l\u00e9gales sont r\u00e9gies par le droit fran\u00e7ais et seront interpr\u00e9t\u00e9es conform\u00e9ment aux tribunaux fran\u00e7ais. Vous pouvez obtenir sur cette page, pour votre confort de lecture et votre compr\u00e9hension, une traduction compl\u00e8te en anglais des mentions l\u00e9gales du site actuel.<\/p>\n<p>Le site Web http:\/\/www.officine.eu\/ est publi\u00e9 par OA &#8211; OFFICINE D&#8217;ARCHITECTURE Soci\u00e9t\u00e9 \u00e0 responsabilit\u00e9 limit\u00e9e, dont le capital est 2 000,00 \u20ac, une soci\u00e9t\u00e9 fran\u00e7aise enregistr\u00e9e sous le num\u00e9ro 752 268 078 \u00e0 PARIS R.C.S. dont le si\u00e8ge social est situ\u00e9 au 32 RUE PONCELET, 75017 PARIS.<\/p>\n<p>Num\u00e9ro de TVA UE: FR15752268078.<\/p>\n<p>Responsable des publications : Carmine LUONGO, Directeur g\u00e9n\u00e9ral d&#8217;OA &#8211; OFFICINE D&#8217;ARCHITECTURE Soci\u00e9t\u00e9 \u00e0 responsabilit\u00e9 limit\u00e9e, collectif@officine.eu, +33 (0) 1 53 26 77 96.<\/p>\n<p>Le site web est h\u00e9berg\u00e9 par la soci\u00e9t\u00e9 OVH SAS, 2 rue Kellermann &#8211; 59100 Roubaix &#8211; France.<\/p>\n<p>La politique du site Web concernant la collecte et l&#8217;utilisation des donn\u00e9es de ses utilisateurs est disponible dans la politique de confidentialit\u00e9 du site Web.<\/p>\n<p>Tous droits r\u00e9serv\u00e9s &#8211; 7 f\u00e9vrier 2018[\/vc_column_text][\/vc_column][\/vc_row]\n","protected":false},"excerpt":{"rendered":"<p>[vc_row type=&#8221;in_container&#8221; full_screen_row_position=&#8221;middle&#8221; column_margin=&#8221;default&#8221; column_direction=&#8221;default&#8221; column_direction_tablet=&#8221;default&#8221; column_direction_phone=&#8221;default&#8221; scene_position=&#8221;center&#8221; text_color=&#8221;dark&#8221; text_align=&#8221;left&#8221; row_border_radius=&#8221;none&#8221; row_border_radius_applies=&#8221;bg&#8221; overflow=&#8221;visible&#8221; overlay_strength=&#8221;0.3&#8243; gradient_direction=&#8221;left_to_right&#8221; shape_divider_position=&#8221;bottom&#8221; bg_image_animation=&#8221;none&#8221;][vc_column column_padding=&#8221;no-extra-padding&#8221; column_padding_tablet=&#8221;inherit&#8221; column_padding_phone=&#8221;inherit&#8221; column_padding_position=&#8221;all&#8221; column_element_direction_desktop=&#8221;default&#8221; column_element_spacing=&#8221;default&#8221; desktop_text_alignment=&#8221;default&#8221; tablet_text_alignment=&#8221;default&#8221; phone_text_alignment=&#8221;default&#8221; background_color_opacity=&#8221;1&#8243; background_hover_color_opacity=&#8221;1&#8243; column_backdrop_filter=&#8221;none&#8221; column_shadow=&#8221;none&#8221;&#8230;<\/p>\n","protected":false},"author":1,"featured_media":0,"parent":0,"menu_order":0,"comment_status":"closed","ping_status":"closed","template":"","meta":{"_acf_changed":false,"footnotes":""},"class_list":["post-468","page","type-page","status-publish"],"acf":[],"yoast_head":"<!-- This site is optimized with the Yoast SEO plugin v25.9 - https:\/\/yoast.com\/wordpress\/plugins\/seo\/ -->\n<title>Mentions l\u00e9gales - OA - OFFICINE D&#039;ARCHITECTURE<\/title>\n<meta name=\"robots\" content=\"noindex, nofollow\" \/>\n<meta property=\"og:locale\" content=\"fr_FR\" \/>\n<meta property=\"og:type\" content=\"article\" \/>\n<meta property=\"og:title\" content=\"Mentions l\u00e9gales - OA - OFFICINE D&#039;ARCHITECTURE\" \/>\n<meta property=\"og:description\" content=\"[vc_row type=&#8221;in_container&#8221; full_screen_row_position=&#8221;middle&#8221; column_margin=&#8221;default&#8221; column_direction=&#8221;default&#8221; column_direction_tablet=&#8221;default&#8221; column_direction_phone=&#8221;default&#8221; scene_position=&#8221;center&#8221; text_color=&#8221;dark&#8221; text_align=&#8221;left&#8221; row_border_radius=&#8221;none&#8221; row_border_radius_applies=&#8221;bg&#8221; overflow=&#8221;visible&#8221; overlay_strength=&#8221;0.3&#8243; gradient_direction=&#8221;left_to_right&#8221; shape_divider_position=&#8221;bottom&#8221; bg_image_animation=&#8221;none&#8221;][vc_column column_padding=&#8221;no-extra-padding&#8221; column_padding_tablet=&#8221;inherit&#8221; column_padding_phone=&#8221;inherit&#8221; column_padding_position=&#8221;all&#8221; column_element_direction_desktop=&#8221;default&#8221; column_element_spacing=&#8221;default&#8221; desktop_text_alignment=&#8221;default&#8221; tablet_text_alignment=&#8221;default&#8221; phone_text_alignment=&#8221;default&#8221; background_color_opacity=&#8221;1&#8243; background_hover_color_opacity=&#8221;1&#8243; column_backdrop_filter=&#8221;none&#8221; column_shadow=&#8221;none&#8221;...\" \/>\n<meta property=\"og:url\" content=\"https:\/\/www.oa-officinearchitecture.eu\/fr\/mentions-legales\/\" \/>\n<meta property=\"og:site_name\" content=\"OA - OFFICINE D&#039;ARCHITECTURE\" \/>\n<meta property=\"article:publisher\" content=\"https:\/\/www.facebook.com\/officine.architecture\/\" \/>\n<meta property=\"article:modified_time\" content=\"2023-07-18T09:16:53+00:00\" \/>\n<meta property=\"og:image\" content=\"https:\/\/www.oa-officinearchitecture.eu\/wp-content\/uploads\/2018\/07\/03c9f16c86b2a24452d75bc3958cd171.jpg\" \/>\n\t<meta property=\"og:image:width\" content=\"280\" \/>\n\t<meta property=\"og:image:height\" content=\"280\" \/>\n\t<meta property=\"og:image:type\" content=\"image\/jpeg\" \/>\n<meta name=\"twitter:card\" content=\"summary_large_image\" \/>\n<meta name=\"twitter:label1\" content=\"Dur\u00e9e de lecture estim\u00e9e\" \/>\n\t<meta name=\"twitter:data1\" content=\"1 minute\" \/>\n<script type=\"application\/ld+json\" class=\"yoast-schema-graph\">{\"@context\":\"https:\/\/schema.org\",\"@graph\":[{\"@type\":\"WebPage\",\"@id\":\"https:\/\/www.oa-officinearchitecture.eu\/fr\/mentions-legales\/\",\"url\":\"https:\/\/www.oa-officinearchitecture.eu\/fr\/mentions-legales\/\",\"name\":\"Mentions l\u00e9gales - OA - OFFICINE D&#039;ARCHITECTURE\",\"isPartOf\":{\"@id\":\"https:\/\/www.oa-officinearchitecture.eu\/fr\/#website\"},\"datePublished\":\"2019-03-04T11:49:46+00:00\",\"dateModified\":\"2023-07-18T09:16:53+00:00\",\"breadcrumb\":{\"@id\":\"https:\/\/www.oa-officinearchitecture.eu\/fr\/mentions-legales\/#breadcrumb\"},\"inLanguage\":\"fr-FR\",\"potentialAction\":[{\"@type\":\"ReadAction\",\"target\":[\"https:\/\/www.oa-officinearchitecture.eu\/fr\/mentions-legales\/\"]}]},{\"@type\":\"BreadcrumbList\",\"@id\":\"https:\/\/www.oa-officinearchitecture.eu\/fr\/mentions-legales\/#breadcrumb\",\"itemListElement\":[{\"@type\":\"ListItem\",\"position\":1,\"name\":\"Home\",\"item\":\"https:\/\/www.oa-officinearchitecture.eu\/fr\/\"},{\"@type\":\"ListItem\",\"position\":2,\"name\":\"Mentions l\u00e9gales\"}]},{\"@type\":\"WebSite\",\"@id\":\"https:\/\/www.oa-officinearchitecture.eu\/fr\/#website\",\"url\":\"https:\/\/www.oa-officinearchitecture.eu\/fr\/\",\"name\":\"OA - OFFICINE D&#039;ARCHITECTURE\",\"description\":\"s\u00e9gol\u00e8ne geste carmine luongo\",\"publisher\":{\"@id\":\"https:\/\/www.oa-officinearchitecture.eu\/fr\/#organization\"},\"potentialAction\":[{\"@type\":\"SearchAction\",\"target\":{\"@type\":\"EntryPoint\",\"urlTemplate\":\"https:\/\/www.oa-officinearchitecture.eu\/fr\/?s={search_term_string}\"},\"query-input\":{\"@type\":\"PropertyValueSpecification\",\"valueRequired\":true,\"valueName\":\"search_term_string\"}}],\"inLanguage\":\"fr-FR\"},{\"@type\":\"Organization\",\"@id\":\"https:\/\/www.oa-officinearchitecture.eu\/fr\/#organization\",\"name\":\"OA - OFFICINE D'ARCHITECTURE\",\"url\":\"https:\/\/www.oa-officinearchitecture.eu\/fr\/\",\"logo\":{\"@type\":\"ImageObject\",\"inLanguage\":\"fr-FR\",\"@id\":\"https:\/\/www.oa-officinearchitecture.eu\/fr\/#\/schema\/logo\/image\/\",\"url\":\"https:\/\/www.oa-officinearchitecture.eu\/wp-content\/uploads\/2018\/07\/03c9f16c86b2a24452d75bc3958cd171.jpg\",\"contentUrl\":\"https:\/\/www.oa-officinearchitecture.eu\/wp-content\/uploads\/2018\/07\/03c9f16c86b2a24452d75bc3958cd171.jpg\",\"width\":280,\"height\":280,\"caption\":\"OA - OFFICINE D'ARCHITECTURE\"},\"image\":{\"@id\":\"https:\/\/www.oa-officinearchitecture.eu\/fr\/#\/schema\/logo\/image\/\"},\"sameAs\":[\"https:\/\/www.facebook.com\/officine.architecture\/\",\"https:\/\/www.instagram.com\/officinearchitecture\/?hl=fr\",\"https:\/\/www.pinterest.fr\/collectif0174\/\"]}]}<\/script>\n<!-- \/ Yoast SEO plugin. -->","yoast_head_json":{"title":"Mentions l\u00e9gales - OA - OFFICINE D&#039;ARCHITECTURE","robots":{"index":"noindex","follow":"nofollow"},"og_locale":"fr_FR","og_type":"article","og_title":"Mentions l\u00e9gales - OA - OFFICINE D&#039;ARCHITECTURE","og_description":"[vc_row type=&#8221;in_container&#8221; full_screen_row_position=&#8221;middle&#8221; column_margin=&#8221;default&#8221; column_direction=&#8221;default&#8221; column_direction_tablet=&#8221;default&#8221; column_direction_phone=&#8221;default&#8221; scene_position=&#8221;center&#8221; text_color=&#8221;dark&#8221; text_align=&#8221;left&#8221; row_border_radius=&#8221;none&#8221; row_border_radius_applies=&#8221;bg&#8221; overflow=&#8221;visible&#8221; overlay_strength=&#8221;0.3&#8243; gradient_direction=&#8221;left_to_right&#8221; shape_divider_position=&#8221;bottom&#8221; bg_image_animation=&#8221;none&#8221;][vc_column column_padding=&#8221;no-extra-padding&#8221; column_padding_tablet=&#8221;inherit&#8221; column_padding_phone=&#8221;inherit&#8221; column_padding_position=&#8221;all&#8221; column_element_direction_desktop=&#8221;default&#8221; column_element_spacing=&#8221;default&#8221; desktop_text_alignment=&#8221;default&#8221; tablet_text_alignment=&#8221;default&#8221; phone_text_alignment=&#8221;default&#8221; background_color_opacity=&#8221;1&#8243; background_hover_color_opacity=&#8221;1&#8243; column_backdrop_filter=&#8221;none&#8221; column_shadow=&#8221;none&#8221;...","og_url":"https:\/\/www.oa-officinearchitecture.eu\/fr\/mentions-legales\/","og_site_name":"OA - OFFICINE D&#039;ARCHITECTURE","article_publisher":"https:\/\/www.facebook.com\/officine.architecture\/","article_modified_time":"2023-07-18T09:16:53+00:00","og_image":[{"width":280,"height":280,"url":"https:\/\/www.oa-officinearchitecture.eu\/wp-content\/uploads\/2018\/07\/03c9f16c86b2a24452d75bc3958cd171.jpg","type":"image\/jpeg"}],"twitter_card":"summary_large_image","twitter_misc":{"Dur\u00e9e de lecture estim\u00e9e":"1 minute"},"schema":{"@context":"https:\/\/schema.org","@graph":[{"@type":"WebPage","@id":"https:\/\/www.oa-officinearchitecture.eu\/fr\/mentions-legales\/","url":"https:\/\/www.oa-officinearchitecture.eu\/fr\/mentions-legales\/","name":"Mentions l\u00e9gales - OA - OFFICINE D&#039;ARCHITECTURE","isPartOf":{"@id":"https:\/\/www.oa-officinearchitecture.eu\/fr\/#website"},"datePublished":"2019-03-04T11:49:46+00:00","dateModified":"2023-07-18T09:16:53+00:00","breadcrumb":{"@id":"https:\/\/www.oa-officinearchitecture.eu\/fr\/mentions-legales\/#breadcrumb"},"inLanguage":"fr-FR","potentialAction":[{"@type":"ReadAction","target":["https:\/\/www.oa-officinearchitecture.eu\/fr\/mentions-legales\/"]}]},{"@type":"BreadcrumbList","@id":"https:\/\/www.oa-officinearchitecture.eu\/fr\/mentions-legales\/#breadcrumb","itemListElement":[{"@type":"ListItem","position":1,"name":"Home","item":"https:\/\/www.oa-officinearchitecture.eu\/fr\/"},{"@type":"ListItem","position":2,"name":"Mentions l\u00e9gales"}]},{"@type":"WebSite","@id":"https:\/\/www.oa-officinearchitecture.eu\/fr\/#website","url":"https:\/\/www.oa-officinearchitecture.eu\/fr\/","name":"OA - OFFICINE D&#039;ARCHITECTURE","description":"s\u00e9gol\u00e8ne geste carmine luongo","publisher":{"@id":"https:\/\/www.oa-officinearchitecture.eu\/fr\/#organization"},"potentialAction":[{"@type":"SearchAction","target":{"@type":"EntryPoint","urlTemplate":"https:\/\/www.oa-officinearchitecture.eu\/fr\/?s={search_term_string}"},"query-input":{"@type":"PropertyValueSpecification","valueRequired":true,"valueName":"search_term_string"}}],"inLanguage":"fr-FR"},{"@type":"Organization","@id":"https:\/\/www.oa-officinearchitecture.eu\/fr\/#organization","name":"OA - OFFICINE D'ARCHITECTURE","url":"https:\/\/www.oa-officinearchitecture.eu\/fr\/","logo":{"@type":"ImageObject","inLanguage":"fr-FR","@id":"https:\/\/www.oa-officinearchitecture.eu\/fr\/#\/schema\/logo\/image\/","url":"https:\/\/www.oa-officinearchitecture.eu\/wp-content\/uploads\/2018\/07\/03c9f16c86b2a24452d75bc3958cd171.jpg","contentUrl":"https:\/\/www.oa-officinearchitecture.eu\/wp-content\/uploads\/2018\/07\/03c9f16c86b2a24452d75bc3958cd171.jpg","width":280,"height":280,"caption":"OA - OFFICINE D'ARCHITECTURE"},"image":{"@id":"https:\/\/www.oa-officinearchitecture.eu\/fr\/#\/schema\/logo\/image\/"},"sameAs":["https:\/\/www.facebook.com\/officine.architecture\/","https:\/\/www.instagram.com\/officinearchitecture\/?hl=fr","https:\/\/www.pinterest.fr\/collectif0174\/"]}]}},"_links":{"self":[{"href":"https:\/\/www.oa-officinearchitecture.eu\/fr\/wp-json\/wp\/v2\/pages\/468","targetHints":{"allow":["GET"]}}],"collection":[{"href":"https:\/\/www.oa-officinearchitecture.eu\/fr\/wp-json\/wp\/v2\/pages"}],"about":[{"href":"https:\/\/www.oa-officinearchitecture.eu\/fr\/wp-json\/wp\/v2\/types\/page"}],"author":[{"embeddable":true,"href":"https:\/\/www.oa-officinearchitecture.eu\/fr\/wp-json\/wp\/v2\/users\/1"}],"replies":[{"embeddable":true,"href":"https:\/\/www.oa-officinearchitecture.eu\/fr\/wp-json\/wp\/v2\/comments?post=468"}],"version-history":[{"count":1,"href":"https:\/\/www.oa-officinearchitecture.eu\/fr\/wp-json\/wp\/v2\/pages\/468\/revisions"}],"predecessor-version":[{"id":2486,"href":"https:\/\/www.oa-officinearchitecture.eu\/fr\/wp-json\/wp\/v2\/pages\/468\/revisions\/2486"}],"wp:attachment":[{"href":"https:\/\/www.oa-officinearchitecture.eu\/fr\/wp-json\/wp\/v2\/media?parent=468"}],"curies":[{"name":"wp","href":"https:\/\/api.w.org\/{rel}","templated":true}]}}